{"id":3574,"date":"2024-10-11T12:49:13","date_gmt":"2024-10-11T12:49:13","guid":{"rendered":"https:\/\/www.alventosigorta.com\/?page_id=3574"},"modified":"2024-10-11T12:53:41","modified_gmt":"2024-10-11T12:53:41","slug":"teklif-al","status":"publish","type":"page","link":"https:\/\/www.alventosigorta.com\/index.php\/teklif-al\/","title":{"rendered":"Teklif Al"},"content":{"rendered":"\t\t<div data-elementor-type=\"wp-page\" data-elementor-id=\"3574\" class=\"elementor elementor-3574\">\n\t\t\t\t\t\t<section class=\"elementor-section elementor-top-section elementor-element elementor-element-c5091f1 elementor-section-full_width elementor-section-height-default elementor-section-height-default\" data-id=\"c5091f1\" data-element_type=\"section\" data-e-type=\"section\">\n\t\t\t\t\t\t<div class=\"elementor-container elementor-column-gap-default\">\n\t\t\t\t\t<div class=\"elementor-column elementor-col-100 elementor-top-column elementor-element elementor-element-56e80af\" data-id=\"56e80af\" data-element_type=\"column\" data-e-type=\"column\" data-settings=\"{&quot;background_background&quot;:&quot;classic&quot;}\">\n\t\t\t<div class=\"elementor-widget-wrap elementor-element-populated\">\n\t\t\t\t\t\t<div class=\"elementor-element elementor-element-70eb99c elementor-widget elementor-widget-cat-form\" data-id=\"70eb99c\" data-element_type=\"widget\" data-e-type=\"widget\" data-widget_type=\"cat-form.default\">\n\t\t\t\t<div class=\"elementor-widget-container\">\n\t\t\t\t\t\t\t<div class=\"home-three-cta\">\n            <div class=\"container\">\n                <div class=\"row\">\n                    <div class=\"col-lg-8\">\n                        <div class=\"banner-agents-wrap\">\n                            <ul class=\"nav nav-tabs banner-agent-nav home-three-cta-nav\" id=\"myTab\" role=\"tablist\">\n                            \t                                \t<li class=\"nav-item\" role=\"presentation\">\n                                    \t<a class=\"nav-link active\" id=\"ara\u00e7-tab\" data-toggle=\"tab\" href=\"#ara\u00e7\" role=\"tab\" aria-controls=\"ara\u00e7\" aria-selected=\"true\">Ara\u00e7<\/a>\n                                \t<\/li>\n                            \t                                \t<li class=\"nav-item\" role=\"presentation\">\n                                    \t<a class=\"nav-link \" id=\"sa\u011fl\u0131k-tab\" data-toggle=\"tab\" href=\"#sa\u011fl\u0131k\" role=\"tab\" aria-controls=\"sa\u011fl\u0131k\" aria-selected=\"false\">Sa\u011fl\u0131k<\/a>\n                                \t<\/li>\n                            \t                                \t<li class=\"nav-item\" role=\"presentation\">\n                                    \t<a class=\"nav-link \" id=\"ev &amp; \u0130\u015f-tab\" data-toggle=\"tab\" href=\"#ev &amp; \u0130\u015f\" role=\"tab\" aria-controls=\"ev &amp; \u0130\u015f\" aria-selected=\"false\">Ev &amp; \u0130\u015f<\/a>\n                                \t<\/li>\n                            \t                                \t<li class=\"nav-item\" role=\"presentation\">\n                                    \t<a class=\"nav-link \" id=\"di\u011fer-tab\" data-toggle=\"tab\" href=\"#di\u011fer\" role=\"tab\" aria-controls=\"di\u011fer\" aria-selected=\"false\">Di\u011fer<\/a>\n                                \t<\/li>\n                            \t                            <\/ul>\n                            <div class=\"tab-content\" id=\"myTabContent\">\n                            \t\t                                <div class=\"tab-pane fade show active\" id=\"ara\u00e7\" role=\"tabpanel\" aria-labelledby=\"ara\u00e7-tab\">\n\t                                \t<div class=\"home-three-cta-form\">\n\t                                    \n<div class=\"wpcf7 no-js\" id=\"wpcf7-f3548-o1\" lang=\"en-US\" dir=\"ltr\" data-wpcf7-id=\"3548\">\n<div class=\"screen-reader-response\"><p role=\"status\" aria-live=\"polite\" aria-atomic=\"true\"><\/p> <ul><\/ul><\/div>\n<form action=\"\/index.php\/wp-json\/wp\/v2\/pages\/3574#wpcf7-f3548-o1\" method=\"post\" class=\"wpcf7-form init\" aria-label=\"Contact form\" novalidate=\"novalidate\" data-status=\"init\">\n<div style=\"display: none;\">\n<input type=\"hidden\" name=\"_wpcf7\" value=\"3548\" \/>\n<input type=\"hidden\" name=\"_wpcf7_version\" value=\"6.0.6\" \/>\n<input type=\"hidden\" name=\"_wpcf7_locale\" value=\"en_US\" \/>\n<input type=\"hidden\" name=\"_wpcf7_unit_tag\" value=\"wpcf7-f3548-o1\" \/>\n<input type=\"hidden\" name=\"_wpcf7_container_post\" value=\"0\" \/>\n<input type=\"hidden\" name=\"_wpcf7_posted_data_hash\" value=\"\" \/>\n<\/div>\n<div class=\"row\">\n\t<div class=\"col-md-6\">\n\t\t<p><span class=\"wpcf7-form-control-wrap\" data-name=\"tc-kimlik-no-1\"><input class=\"wpcf7-form-control wpcf7-number wpcf7-validates-as-required wpcf7-validates-as-number\" aria-required=\"true\" aria-invalid=\"false\" placeholder=\"TC Kimlik No\" value=\"\" type=\"number\" name=\"tc-kimlik-no-1\" \/><\/span>\n\t\t<\/p>\n\t<\/div>\n\t<div class=\"col-md-6\">\n\t\t<p><span class=\"wpcf7-form-control-wrap\" data-name=\"Plaka\"><input size=\"40\" maxlength=\"400\" class=\"wpcf7-form-control wpcf7-text wpcf7-validates-as-required\" aria-required=\"true\" aria-invalid=\"false\" placeholder=\"Plaka\" value=\"\" type=\"text\" name=\"Plaka\" \/><\/span>\n\t\t<\/p>\n\t<\/div>\n\t<div class=\"col-md-6\">\n\t\t<p><span class=\"wpcf7-form-control-wrap\" data-name=\"belge-seri-no\"><input size=\"40\" maxlength=\"400\" class=\"wpcf7-form-control wpcf7-text wpcf7-validates-as-required\" aria-required=\"true\" aria-invalid=\"false\" placeholder=\"Belge Seri No\" value=\"\" type=\"text\" name=\"belge-seri-no\" \/><\/span>\n\t\t<\/p>\n\t<\/div>\n\t<div class=\"col-md-6\">\n\t\t<p><span class=\"wpcf7-form-control-wrap\" data-name=\"phone\"><input size=\"40\" maxlength=\"400\" class=\"wpcf7-form-control wpcf7-text wpcf7-validates-as-required\" aria-required=\"true\" aria-invalid=\"false\" placeholder=\"Telefon\" value=\"\" type=\"text\" name=\"phone\" \/><\/span>\n\t\t<\/p>\n\t<\/div>\n<\/div>\n<p><button type=\"submit\" class=\"btn rounded-btn\">Teklif Al<i class=\"fal fa-angle-right\"><\/i><\/button>\n<\/p><div class=\"wpcf7-response-output\" aria-hidden=\"true\"><\/div>\n<\/form>\n<\/div>\n\t                                    <\/div>\n\t                                <\/div>\n                            \t\t                                <div class=\"tab-pane fade \" id=\"sa\u011fl\u0131k\" role=\"tabpanel\" aria-labelledby=\"sa\u011fl\u0131k-tab\">\n\t                                \t<div class=\"home-three-cta-form\">\n\t                                    \n<div class=\"wpcf7 no-js\" id=\"wpcf7-f3552-o2\" lang=\"en-US\" dir=\"ltr\" data-wpcf7-id=\"3552\">\n<div class=\"screen-reader-response\"><p role=\"status\" aria-live=\"polite\" aria-atomic=\"true\"><\/p> <ul><\/ul><\/div>\n<form action=\"\/index.php\/wp-json\/wp\/v2\/pages\/3574#wpcf7-f3552-o2\" method=\"post\" class=\"wpcf7-form init\" aria-label=\"Contact form\" novalidate=\"novalidate\" data-status=\"init\">\n<div style=\"display: none;\">\n<input type=\"hidden\" name=\"_wpcf7\" value=\"3552\" \/>\n<input type=\"hidden\" name=\"_wpcf7_version\" value=\"6.0.6\" \/>\n<input type=\"hidden\" name=\"_wpcf7_locale\" value=\"en_US\" \/>\n<input type=\"hidden\" name=\"_wpcf7_unit_tag\" value=\"wpcf7-f3552-o2\" \/>\n<input type=\"hidden\" name=\"_wpcf7_container_post\" value=\"0\" \/>\n<input type=\"hidden\" name=\"_wpcf7_posted_data_hash\" value=\"\" \/>\n<\/div>\n<div class=\"row\">\n\t<div class=\"col-md-6\">\n\t\t<p><span class=\"wpcf7-form-control-wrap\" data-name=\"Ad-soyad\"><input size=\"40\" maxlength=\"400\" class=\"wpcf7-form-control wpcf7-text wpcf7-validates-as-required\" aria-required=\"true\" aria-invalid=\"false\" placeholder=\"Ad &amp; Soyad\" value=\"\" type=\"text\" name=\"Ad-soyad\" \/><\/span>\n\t\t<\/p>\n\t<\/div>\n\t<div class=\"col-md-6\">\n\t\t<p><span class=\"wpcf7-form-control-wrap\" data-name=\"tc-kimlik-no-1\"><input class=\"wpcf7-form-control wpcf7-number wpcf7-validates-as-required wpcf7-validates-as-number\" aria-required=\"true\" aria-invalid=\"false\" placeholder=\"TC Kimlik No\" value=\"\" type=\"number\" name=\"tc-kimlik-no-1\" \/><\/span>\n\t\t<\/p>\n\t<\/div>\n\t<div class=\"col-md-6\">\n\t\t<p><span class=\"wpcf7-form-control-wrap\" data-name=\"email-438\"><input size=\"40\" maxlength=\"400\" class=\"wpcf7-form-control wpcf7-email wpcf7-validates-as-required wpcf7-text wpcf7-validates-as-email\" aria-required=\"true\" aria-invalid=\"false\" placeholder=\"E-mail\" value=\"\" type=\"email\" name=\"email-438\" \/><\/span>\n\t\t<\/p>\n\t<\/div>\n\t<div class=\"col-md-6\">\n\t\t<p><span class=\"wpcf7-form-control-wrap\" data-name=\"phone\"><input size=\"40\" maxlength=\"400\" class=\"wpcf7-form-control wpcf7-text wpcf7-validates-as-required\" aria-required=\"true\" aria-invalid=\"false\" placeholder=\"Telefon\" value=\"\" type=\"text\" name=\"phone\" \/><\/span>\n\t\t<\/p>\n\t<\/div>\n<\/div>\n<p><button type=\"submit\" class=\"btn rounded-btn\">Teklif Al<i class=\"fal fa-angle-right\"><\/i><\/button>\n<\/p><div class=\"wpcf7-response-output\" aria-hidden=\"true\"><\/div>\n<\/form>\n<\/div>\n\t                                    <\/div>\n\t                                <\/div>\n                            \t\t                                <div class=\"tab-pane fade \" id=\"ev &amp; \u0130\u015f\" role=\"tabpanel\" aria-labelledby=\"ev &amp; \u0130\u015f-tab\">\n\t                                \t<div class=\"home-three-cta-form\">\n\t                                    \n<div class=\"wpcf7 no-js\" id=\"wpcf7-f3556-o3\" lang=\"en-US\" dir=\"ltr\" data-wpcf7-id=\"3556\">\n<div class=\"screen-reader-response\"><p role=\"status\" aria-live=\"polite\" aria-atomic=\"true\"><\/p> <ul><\/ul><\/div>\n<form action=\"\/index.php\/wp-json\/wp\/v2\/pages\/3574#wpcf7-f3556-o3\" method=\"post\" class=\"wpcf7-form init\" aria-label=\"Contact form\" novalidate=\"novalidate\" data-status=\"init\">\n<div style=\"display: none;\">\n<input type=\"hidden\" name=\"_wpcf7\" value=\"3556\" \/>\n<input type=\"hidden\" name=\"_wpcf7_version\" value=\"6.0.6\" \/>\n<input type=\"hidden\" name=\"_wpcf7_locale\" value=\"en_US\" \/>\n<input type=\"hidden\" name=\"_wpcf7_unit_tag\" value=\"wpcf7-f3556-o3\" \/>\n<input type=\"hidden\" name=\"_wpcf7_container_post\" value=\"0\" \/>\n<input type=\"hidden\" name=\"_wpcf7_posted_data_hash\" value=\"\" \/>\n<\/div>\n<div class=\"row\">\n\t<div class=\"col-md-6\">\n\t\t<p><span class=\"wpcf7-form-control-wrap\" data-name=\"tc-kimlik-no-1\"><input class=\"wpcf7-form-control wpcf7-number wpcf7-validates-as-required wpcf7-validates-as-number\" aria-required=\"true\" aria-invalid=\"false\" placeholder=\"TC Kimlik No\" value=\"\" type=\"number\" name=\"tc-kimlik-no-1\" \/><\/span>\n\t\t<\/p>\n\t<\/div>\n\t<div class=\"col-md-6\">\n\t\t<p><span class=\"wpcf7-form-control-wrap\" data-name=\"phone\"><input size=\"40\" maxlength=\"400\" class=\"wpcf7-form-control wpcf7-text wpcf7-validates-as-required\" aria-required=\"true\" aria-invalid=\"false\" placeholder=\"Telefon\" value=\"\" type=\"text\" name=\"phone\" \/><\/span>\n\t\t<\/p>\n\t<\/div>\n\t<div class=\"col-md-6\">\n\t\t<p><span class=\"wpcf7-form-control-wrap\" data-name=\"email-438\"><input size=\"40\" maxlength=\"400\" class=\"wpcf7-form-control wpcf7-email wpcf7-validates-as-required wpcf7-text wpcf7-validates-as-email\" aria-required=\"true\" aria-invalid=\"false\" placeholder=\"E-mail\" value=\"\" type=\"email\" name=\"email-438\" \/><\/span>\n\t\t<\/p>\n\t<\/div>\n\t<div class=\"col-md-6\">\n\t\t<p><span class=\"wpcf7-form-control-wrap\" data-name=\"adres-ev-is\"><input size=\"40\" maxlength=\"400\" class=\"wpcf7-form-control wpcf7-text wpcf7-validates-as-required\" aria-required=\"true\" aria-invalid=\"false\" placeholder=\"Adres\" value=\"\" type=\"text\" name=\"adres-ev-is\" \/><\/span>\n\t\t<\/p>\n\t<\/div>\n<\/div>\n<p><button type=\"submit\" class=\"btn rounded-btn\">Teklif Al<i class=\"fal fa-angle-right\"><\/i><\/button>\n<\/p><div class=\"wpcf7-response-output\" aria-hidden=\"true\"><\/div>\n<\/form>\n<\/div>\n\t                                    <\/div>\n\t                                <\/div>\n                            \t\t                                <div class=\"tab-pane fade \" id=\"di\u011fer\" role=\"tabpanel\" aria-labelledby=\"di\u011fer-tab\">\n\t                                \t<div class=\"home-three-cta-form\">\n\t                                    \n<div class=\"wpcf7 no-js\" id=\"wpcf7-f3560-o4\" lang=\"en-US\" dir=\"ltr\" data-wpcf7-id=\"3560\">\n<div class=\"screen-reader-response\"><p role=\"status\" aria-live=\"polite\" aria-atomic=\"true\"><\/p> <ul><\/ul><\/div>\n<form action=\"\/index.php\/wp-json\/wp\/v2\/pages\/3574#wpcf7-f3560-o4\" method=\"post\" class=\"wpcf7-form init\" aria-label=\"Contact form\" novalidate=\"novalidate\" data-status=\"init\">\n<div style=\"display: none;\">\n<input type=\"hidden\" name=\"_wpcf7\" value=\"3560\" \/>\n<input type=\"hidden\" name=\"_wpcf7_version\" value=\"6.0.6\" \/>\n<input type=\"hidden\" name=\"_wpcf7_locale\" value=\"en_US\" \/>\n<input type=\"hidden\" name=\"_wpcf7_unit_tag\" value=\"wpcf7-f3560-o4\" \/>\n<input type=\"hidden\" name=\"_wpcf7_container_post\" value=\"0\" \/>\n<input type=\"hidden\" name=\"_wpcf7_posted_data_hash\" value=\"\" \/>\n<\/div>\n<div class=\"row\">\n\t<div class=\"col-md-6\">\n\t\t<p><span class=\"wpcf7-form-control-wrap\" data-name=\"Ad-soyad\"><input size=\"40\" maxlength=\"400\" class=\"wpcf7-form-control wpcf7-text wpcf7-validates-as-required\" aria-required=\"true\" aria-invalid=\"false\" placeholder=\"Ad &amp; Soyad\" value=\"\" type=\"text\" name=\"Ad-soyad\" \/><\/span>\n\t\t<\/p>\n\t<\/div>\n\t<div class=\"col-md-6\">\n\t\t<p><span class=\"wpcf7-form-control-wrap\" data-name=\"tc-kimlik-no-1\"><input class=\"wpcf7-form-control wpcf7-number wpcf7-validates-as-required wpcf7-validates-as-number\" aria-required=\"true\" aria-invalid=\"false\" placeholder=\"TC Kimlik No\" value=\"\" type=\"number\" name=\"tc-kimlik-no-1\" \/><\/span>\n\t\t<\/p>\n\t<\/div>\n\t<div class=\"col-md-6\">\n\t\t<p><span class=\"wpcf7-form-control-wrap\" data-name=\"email-438\"><input size=\"40\" maxlength=\"400\" class=\"wpcf7-form-control wpcf7-email wpcf7-validates-as-required wpcf7-text wpcf7-validates-as-email\" aria-required=\"true\" aria-invalid=\"false\" placeholder=\"E-mail\" value=\"\" type=\"email\" name=\"email-438\" \/><\/span>\n\t\t<\/p>\n\t<\/div>\n\t<div class=\"col-md-6\">\n\t\t<p><span class=\"wpcf7-form-control-wrap\" data-name=\"phone\"><input size=\"40\" maxlength=\"400\" class=\"wpcf7-form-control wpcf7-text wpcf7-validates-as-required\" aria-required=\"true\" aria-invalid=\"false\" placeholder=\"Telefon\" value=\"\" type=\"text\" name=\"phone\" \/><\/span>\n\t\t<\/p>\n\t<\/div>\n<\/div>\n<p><button type=\"submit\" class=\"btn rounded-btn\">Teklif Al<i class=\"fal fa-angle-right\"><\/i><\/button>\n<\/p><div class=\"wpcf7-response-output\" aria-hidden=\"true\"><\/div>\n<\/form>\n<\/div>\n\t                                    <\/div>\n\t                                <\/div>\n                            \t                            <\/div>\n                        <\/div>\n                    <\/div>\n                <\/div>\n            <\/div>\n        <\/div>\t\n\t\t\t\t\t<\/div>\n\t\t\t\t<\/div>\n\t\t\t\t\t<\/div>\n\t\t<\/div>\n\t\t\t\t\t<\/div>\n\t\t<\/section>\n\t\t\t\t<\/div>\n\t\t","protected":false},"excerpt":{"rendered":"<p>Ara\u00e7 Sa\u011fl\u0131k Ev &amp; \u0130\u015f Di\u011fer Teklif Al Teklif Al Teklif Al Teklif Al<\/p>\n","protected":false},"author":1,"featured_media":0,"parent":0,"menu_order":0,"comment_status":"closed","ping_status":"closed","template":"page-template\/blank-page-sidebar.php","meta":{"_monsterinsights_skip_tracking":false,"_monsterinsights_sitenote_active":false,"_monsterinsights_sitenote_note":"","_monsterinsights_sitenote_category":0,"footnotes":""},"class_list":["post-3574","page","type-page","status-publish","hentry"],"aioseo_notices":[],"_links":{"self":[{"href":"https:\/\/www.alventosigorta.com\/index.php\/wp-json\/wp\/v2\/pages\/3574"}],"collection":[{"href":"https:\/\/www.alventosigorta.com\/index.php\/wp-json\/wp\/v2\/pages"}],"about":[{"href":"https:\/\/www.alventosigorta.com\/index.php\/wp-json\/wp\/v2\/types\/page"}],"author":[{"embeddable":true,"href":"https:\/\/www.alventosigorta.com\/index.php\/wp-json\/wp\/v2\/users\/1"}],"replies":[{"embeddable":true,"href":"https:\/\/www.alventosigorta.com\/index.php\/wp-json\/wp\/v2\/comments?post=3574"}],"version-history":[{"count":7,"href":"https:\/\/www.alventosigorta.com\/index.php\/wp-json\/wp\/v2\/pages\/3574\/revisions"}],"predecessor-version":[{"id":3581,"href":"https:\/\/www.alventosigorta.com\/index.php\/wp-json\/wp\/v2\/pages\/3574\/revisions\/3581"}],"wp:attachment":[{"href":"https:\/\/www.alventosigorta.com\/index.php\/wp-json\/wp\/v2\/media?parent=3574"}],"curies":[{"name":"wp","href":"https:\/\/api.w.org\/{rel}","templated":true}]}}