{"id":1532,"date":"2024-09-04T12:02:42","date_gmt":"2024-09-04T12:02:42","guid":{"rendered":"https:\/\/ifingerstudio.com\/insubux\/?page_id=1532"},"modified":"2024-09-23T20:29:22","modified_gmt":"2024-09-23T20:29:22","slug":"sektor-alvento","status":"publish","type":"page","link":"https:\/\/www.alventosigorta.com\/index.php\/sektor-alvento\/","title":{"rendered":"Sekt\u00f6r"},"content":{"rendered":"\t\t<div data-elementor-type=\"wp-page\" data-elementor-id=\"1532\" class=\"elementor elementor-1532\">\n\t\t\t\t\t\t<section class=\"elementor-section elementor-top-section elementor-element elementor-element-9d38765 elementor-section-boxed elementor-section-height-default elementor-section-height-default\" data-id=\"9d38765\" data-element_type=\"section\" data-e-type=\"section\">\n\t\t\t\t\t\t<div class=\"elementor-container elementor-column-gap-default\">\n\t\t\t\t\t<div class=\"elementor-column elementor-col-100 elementor-top-column elementor-element elementor-element-85ff496\" data-id=\"85ff496\" data-element_type=\"column\" data-e-type=\"column\">\n\t\t\t<div class=\"elementor-widget-wrap elementor-element-populated\">\n\t\t\t\t\t\t<div class=\"elementor-element elementor-element-4890cea elementor-widget elementor-widget-section-blog\" data-id=\"4890cea\" data-element_type=\"widget\" data-e-type=\"widget\" data-widget_type=\"section-blog.default\">\n\t\t\t\t<div class=\"elementor-widget-container\">\n\t\t\t\t\t\t\t\t<div class=\"row\">\n\t\t\t\t\n\t\t\t\t\t<div class=\"col-lg-4 col-md-6 blog-shortcode\">\n\t\t\t\t\t\t<article id=\"post-3570\" class=\"post-3570 post type-post status-publish format-standard has-post-thumbnail hentry category-alvento-sigorta\">\n\t\t\t\t\t\t   <div class=\"blog-post-item bp-style-two v1\">\n\n\t\t\t\t\t\t   \t\t\t\t\t\t\t      \t\t\t\t\t\t\t         \t<div class=\"blog-post-thumb position-relative\">\n\t\t\t\t\t\t            \t<a href=\"https:\/\/www.alventosigorta.com\/index.php\/2024\/10\/03\/dask-zorunlu-deprem-sigortasi-evinizi-ve-geleceginizi-guvence-altina-alin\/\"><img fetchpriority=\"high\" decoding=\"async\" width=\"770\" height=\"460\" src=\"https:\/\/www.alventosigorta.com\/wp-content\/uploads\/2024\/10\/dask-770x460.jpg\" class=\"attachment-insubux-770-460 size-insubux-770-460 wp-post-image\" alt=\"\" \/><\/a>\n\t\t\t\t\t\t        \t<\/div>                                                                                        \n\t\t\t\t\t         \t\n\t\t\t\t\t\t\t        <div class=\"blog-post-content\">\n\t\t\t\t\t\t\t\t\t\t\t\t\t\t\t\t\t\t\t\t\t<h4 class=\"title\"><a href=\"https:\/\/www.alventosigorta.com\/index.php\/2024\/10\/03\/dask-zorunlu-deprem-sigortasi-evinizi-ve-geleceginizi-guvence-altina-alin\/\">DASK (Zorunlu Deprem Sigortas\u0131): Evinizi ve Gelece\u011finizi G\u00fcvence Alt\u0131na Al\u0131n<\/a><\/h4>\n\t\t\t\t\t\t\t\t\t\t\t\t\t\t\t\t\t\t\t\t\t\t<a href=\"https:\/\/www.alventosigorta.com\/index.php\/2024\/10\/03\/dask-zorunlu-deprem-sigortasi-evinizi-ve-geleceginizi-guvence-altina-alin\/\" class=\"btn border-btn\">Devam\u0131n\u0131 g\u00f6r <i class=\"fal fa-long-arrow-right\"><\/i><\/a>\n\t\t\t\t\t\t\t\t\t\t\t\t\t\t\t\t\t\t\t\t\t\t\t<span class=\"blog-post-count\">01<\/span>\n\t\t\t\t\t\t\t\t\t\t\t\t\t\t\t\t\t\t\t\t\t\t\n\t\t\t\t\t\t\t        <\/div>\n\t\t\t\t\t\t\t\t\t\t\t\t\t\t    \t\t\t\t\t\t\t<\/div>\n\t\t\t\t\t\t<\/article>\n\t\t\t\t\t<\/div>\n\t\t\t   \n\t\t\t\t\t<div class=\"col-lg-4 col-md-6 blog-shortcode\">\n\t\t\t\t\t\t<article id=\"post-3567\" class=\"post-3567 post type-post status-publish format-standard has-post-thumbnail hentry category-alvento-sigorta\">\n\t\t\t\t\t\t   <div class=\"blog-post-item bp-style-two v1\">\n\n\t\t\t\t\t\t   \t\t\t\t\t\t\t      \t\t\t\t\t\t\t         \t<div class=\"blog-post-thumb position-relative\">\n\t\t\t\t\t\t            \t<a href=\"https:\/\/www.alventosigorta.com\/index.php\/2024\/10\/03\/konut-ve-isyeri-sigortasi-varliklarinizi-guvence-altina-alin\/\"><img decoding=\"async\" width=\"770\" height=\"460\" src=\"https:\/\/www.alventosigorta.com\/wp-content\/uploads\/2024\/10\/konut-ve-isyeri-770x460.jpg\" class=\"attachment-insubux-770-460 size-insubux-770-460 wp-post-image\" alt=\"\" \/><\/a>\n\t\t\t\t\t\t        \t<\/div>                                                                                        \n\t\t\t\t\t         \t\n\t\t\t\t\t\t\t        <div class=\"blog-post-content\">\n\t\t\t\t\t\t\t\t\t\t\t\t\t\t\t\t\t\t\t\t\t<h4 class=\"title\"><a href=\"https:\/\/www.alventosigorta.com\/index.php\/2024\/10\/03\/konut-ve-isyeri-sigortasi-varliklarinizi-guvence-altina-alin\/\">Konut ve \u0130\u015fyeri Sigortas\u0131: Varl\u0131klar\u0131n\u0131z\u0131 G\u00fcvence Alt\u0131na Al\u0131n<\/a><\/h4>\n\t\t\t\t\t\t\t\t\t\t\t\t\t\t\t\t\t\t\t\t\t\t<a href=\"https:\/\/www.alventosigorta.com\/index.php\/2024\/10\/03\/konut-ve-isyeri-sigortasi-varliklarinizi-guvence-altina-alin\/\" class=\"btn border-btn\">Devam\u0131n\u0131 g\u00f6r <i class=\"fal fa-long-arrow-right\"><\/i><\/a>\n\t\t\t\t\t\t\t\t\t\t\t\t\t\t\t\t\t\t\t\t\t\t\t<span class=\"blog-post-count\">02<\/span>\n\t\t\t\t\t\t\t\t\t\t\t\t\t\t\t\t\t\t\t\t\t\t\n\t\t\t\t\t\t\t        <\/div>\n\t\t\t\t\t\t\t\t\t\t\t\t\t\t    \t\t\t\t\t\t\t<\/div>\n\t\t\t\t\t\t<\/article>\n\t\t\t\t\t<\/div>\n\t\t\t   \n\t\t\t\t\t<div class=\"col-lg-4 col-md-6 blog-shortcode\">\n\t\t\t\t\t\t<article id=\"post-3564\" class=\"post-3564 post type-post status-publish format-standard has-post-thumbnail hentry category-alvento-sigorta\">\n\t\t\t\t\t\t   <div class=\"blog-post-item bp-style-two v1\">\n\n\t\t\t\t\t\t   \t\t\t\t\t\t\t      \t\t\t\t\t\t\t         \t<div class=\"blog-post-thumb position-relative\">\n\t\t\t\t\t\t            \t<a href=\"https:\/\/www.alventosigorta.com\/index.php\/2024\/10\/03\/trafik-sigortasi-neden-zorunlu-ve-sizi-nasil-korur\/\"><img decoding=\"async\" width=\"770\" height=\"460\" src=\"https:\/\/www.alventosigorta.com\/wp-content\/uploads\/2024\/10\/trafik-sigortasi-770x460.jpg\" class=\"attachment-insubux-770-460 size-insubux-770-460 wp-post-image\" alt=\"\" \/><\/a>\n\t\t\t\t\t\t        \t<\/div>                                                                                        \n\t\t\t\t\t         \t\n\t\t\t\t\t\t\t        <div class=\"blog-post-content\">\n\t\t\t\t\t\t\t\t\t\t\t\t\t\t\t\t\t\t\t\t\t<h4 class=\"title\"><a href=\"https:\/\/www.alventosigorta.com\/index.php\/2024\/10\/03\/trafik-sigortasi-neden-zorunlu-ve-sizi-nasil-korur\/\">Trafik Sigortas\u0131: Neden Zorunlu ve Sizi Nas\u0131l Korur?<\/a><\/h4>\n\t\t\t\t\t\t\t\t\t\t\t\t\t\t\t\t\t\t\t\t\t\t<a href=\"https:\/\/www.alventosigorta.com\/index.php\/2024\/10\/03\/trafik-sigortasi-neden-zorunlu-ve-sizi-nasil-korur\/\" class=\"btn border-btn\">Devam\u0131n\u0131 g\u00f6r <i class=\"fal fa-long-arrow-right\"><\/i><\/a>\n\t\t\t\t\t\t\t\t\t\t\t\t\t\t\t\t\t\t\t\t\t\t\t<span class=\"blog-post-count\">03<\/span>\n\t\t\t\t\t\t\t\t\t\t\t\t\t\t\t\t\t\t\t\t\t\t\n\t\t\t\t\t\t\t        <\/div>\n\t\t\t\t\t\t\t\t\t\t\t\t\t\t    \t\t\t\t\t\t\t<\/div>\n\t\t\t\t\t\t<\/article>\n\t\t\t\t\t<\/div>\n\t\t\t   \n\t\t\t\t\t<div class=\"col-lg-4 col-md-6 blog-shortcode\">\n\t\t\t\t\t\t<article id=\"post-3402\" class=\"post-3402 post type-post status-publish format-standard has-post-thumbnail hentry category-alvento-sigorta\">\n\t\t\t\t\t\t   <div class=\"blog-post-item bp-style-two v1\">\n\n\t\t\t\t\t\t   \t\t\t\t\t\t\t      \t\t\t\t\t\t\t         \t<div class=\"blog-post-thumb position-relative\">\n\t\t\t\t\t\t            \t<a href=\"https:\/\/www.alventosigorta.com\/index.php\/2024\/09\/23\/saglik-sigortasi-ile-kendinizi-ve-ailenizi-guvende-tutun\/\"><img loading=\"lazy\" decoding=\"async\" width=\"770\" height=\"460\" src=\"https:\/\/www.alventosigorta.com\/wp-content\/uploads\/2024\/09\/alvento-sigorta-saglik-sigorta-770x460.jpg\" class=\"attachment-insubux-770-460 size-insubux-770-460 wp-post-image\" alt=\"\" \/><\/a>\n\t\t\t\t\t\t        \t<\/div>                                                                                        \n\t\t\t\t\t         \t\n\t\t\t\t\t\t\t        <div class=\"blog-post-content\">\n\t\t\t\t\t\t\t\t\t\t\t\t\t\t\t\t\t\t\t\t\t<h4 class=\"title\"><a href=\"https:\/\/www.alventosigorta.com\/index.php\/2024\/09\/23\/saglik-sigortasi-ile-kendinizi-ve-ailenizi-guvende-tutun\/\">Sa\u011fl\u0131k Sigortas\u0131 ile Kendinizi ve Ailenizi G\u00fcvende Tutun<\/a><\/h4>\n\t\t\t\t\t\t\t\t\t\t\t\t\t\t\t\t\t\t\t\t\t\t<a href=\"https:\/\/www.alventosigorta.com\/index.php\/2024\/09\/23\/saglik-sigortasi-ile-kendinizi-ve-ailenizi-guvende-tutun\/\" class=\"btn border-btn\">Devam\u0131n\u0131 g\u00f6r <i class=\"fal fa-long-arrow-right\"><\/i><\/a>\n\t\t\t\t\t\t\t\t\t\t\t\t\t\t\t\t\t\t\t\t\t\t\t<span class=\"blog-post-count\">04<\/span>\n\t\t\t\t\t\t\t\t\t\t\t\t\t\t\t\t\t\t\t\t\t\t\n\t\t\t\t\t\t\t        <\/div>\n\t\t\t\t\t\t\t\t\t\t\t\t\t\t    \t\t\t\t\t\t\t<\/div>\n\t\t\t\t\t\t<\/article>\n\t\t\t\t\t<\/div>\n\t\t\t   \n\t\t\t\t\t<div class=\"col-lg-4 col-md-6 blog-shortcode\">\n\t\t\t\t\t\t<article id=\"post-3399\" class=\"post-3399 post type-post status-publish format-standard has-post-thumbnail hentry category-alvento-sigorta\">\n\t\t\t\t\t\t   <div class=\"blog-post-item bp-style-two v1\">\n\n\t\t\t\t\t\t   \t\t\t\t\t\t\t      \t\t\t\t\t\t\t         \t<div class=\"blog-post-thumb position-relative\">\n\t\t\t\t\t\t            \t<a href=\"https:\/\/www.alventosigorta.com\/index.php\/2024\/09\/23\/aracinizi-ve-cebinizi-kasko-sigortasi-ile-guvence-altina-alin\/\"><img loading=\"lazy\" decoding=\"async\" width=\"770\" height=\"460\" src=\"https:\/\/www.alventosigorta.com\/wp-content\/uploads\/2024\/09\/alvento-sigorta-arac-kasko-770x460.jpg\" class=\"attachment-insubux-770-460 size-insubux-770-460 wp-post-image\" alt=\"\" \/><\/a>\n\t\t\t\t\t\t        \t<\/div>                                                                                        \n\t\t\t\t\t         \t\n\t\t\t\t\t\t\t        <div class=\"blog-post-content\">\n\t\t\t\t\t\t\t\t\t\t\t\t\t\t\t\t\t\t\t\t\t<h4 class=\"title\"><a href=\"https:\/\/www.alventosigorta.com\/index.php\/2024\/09\/23\/aracinizi-ve-cebinizi-kasko-sigortasi-ile-guvence-altina-alin\/\">Arac\u0131n\u0131z\u0131 ve Cebinizi Kasko Sigortas\u0131 ile G\u00fcvence Alt\u0131na Al\u0131n<\/a><\/h4>\n\t\t\t\t\t\t\t\t\t\t\t\t\t\t\t\t\t\t\t\t\t\t<a href=\"https:\/\/www.alventosigorta.com\/index.php\/2024\/09\/23\/aracinizi-ve-cebinizi-kasko-sigortasi-ile-guvence-altina-alin\/\" class=\"btn border-btn\">Devam\u0131n\u0131 g\u00f6r <i class=\"fal fa-long-arrow-right\"><\/i><\/a>\n\t\t\t\t\t\t\t\t\t\t\t\t\t\t\t\t\t\t\t\t\t\t\t<span class=\"blog-post-count\">05<\/span>\n\t\t\t\t\t\t\t\t\t\t\t\t\t\t\t\t\t\t\t\t\t\t\n\t\t\t\t\t\t\t        <\/div>\n\t\t\t\t\t\t\t\t\t\t\t\t\t\t    \t\t\t\t\t\t\t<\/div>\n\t\t\t\t\t\t<\/article>\n\t\t\t\t\t<\/div>\n\t\t\t   \n\t\t\t\t\t<div class=\"col-lg-4 col-md-6 blog-shortcode\">\n\t\t\t\t\t\t<article id=\"post-3387\" class=\"post-3387 post type-post status-publish format-standard has-post-thumbnail hentry category-alvento-sigorta\">\n\t\t\t\t\t\t   <div class=\"blog-post-item bp-style-two v1\">\n\n\t\t\t\t\t\t   \t\t\t\t\t\t\t      \t\t\t\t\t\t\t         \t<div class=\"blog-post-thumb position-relative\">\n\t\t\t\t\t\t            \t<a href=\"https:\/\/www.alventosigorta.com\/index.php\/2024\/09\/23\/hayat-sigortasi-geleceginizi-guvence-altina-almanin-en-iyi-yolu\/\"><img loading=\"lazy\" decoding=\"async\" width=\"770\" height=\"460\" src=\"https:\/\/www.alventosigorta.com\/wp-content\/uploads\/2024\/09\/alvento-sigorta-hayat-sigortasi-770x460.jpg\" class=\"attachment-insubux-770-460 size-insubux-770-460 wp-post-image\" alt=\"\" \/><\/a>\n\t\t\t\t\t\t        \t<\/div>                                                                                        \n\t\t\t\t\t         \t\n\t\t\t\t\t\t\t        <div class=\"blog-post-content\">\n\t\t\t\t\t\t\t\t\t\t\t\t\t\t\t\t\t\t\t\t\t<h4 class=\"title\"><a href=\"https:\/\/www.alventosigorta.com\/index.php\/2024\/09\/23\/hayat-sigortasi-geleceginizi-guvence-altina-almanin-en-iyi-yolu\/\">Gelece\u011finizi G\u00fcvence Alt\u0131na Alman\u0131n En \u0130yi Yolu<\/a><\/h4>\n\t\t\t\t\t\t\t\t\t\t\t\t\t\t\t\t\t\t\t\t\t\t<a href=\"https:\/\/www.alventosigorta.com\/index.php\/2024\/09\/23\/hayat-sigortasi-geleceginizi-guvence-altina-almanin-en-iyi-yolu\/\" class=\"btn border-btn\">Devam\u0131n\u0131 g\u00f6r <i class=\"fal fa-long-arrow-right\"><\/i><\/a>\n\t\t\t\t\t\t\t\t\t\t\t\t\t\t\t\t\t\t\t\t\t\t\t<span class=\"blog-post-count\">06<\/span>\n\t\t\t\t\t\t\t\t\t\t\t\t\t\t\t\t\t\t\t\t\t\t\n\t\t\t\t\t\t\t        <\/div>\n\t\t\t\t\t\t\t\t\t\t\t\t\t\t    \t\t\t\t\t\t\t<\/div>\n\t\t\t\t\t\t<\/article>\n\t\t\t\t\t<\/div>\n\t\t\t   \t\t\t<\/div>\n\t\t\t\t\t<\/div>\n\t\t\t\t<\/div>\n\t\t\t\t\t<\/div>\n\t\t<\/div>\n\t\t\t\t\t<\/div>\n\t\t<\/section>\n\t\t\t\t<\/div>\n\t\t","protected":false},"excerpt":{"rendered":"<p>Insurance Implications of Required Vaccines Read More 01 How to Choose Life Insurance Company? Read More 02 Find 8 Top Benefits of Life Insurance Read More 03 Best Life Insurance for Cancer Patients Read More 04 Choose Best Family Life Insurance company Read More 05 Do Beneficiaries Pay Taxes on Insurance? Read More 06<\/p>\n","protected":false},"author":1,"featured_media":0,"parent":0,"menu_order":0,"comment_status":"closed","ping_status":"closed","template":"page-template\/blank-page-sidebar.php","meta":{"_monsterinsights_skip_tracking":false,"_monsterinsights_sitenote_active":false,"_monsterinsights_sitenote_note":"","_monsterinsights_sitenote_category":0,"footnotes":""},"class_list":["post-1532","page","type-page","status-publish","hentry"],"aioseo_notices":[],"_links":{"self":[{"href":"https:\/\/www.alventosigorta.com\/index.php\/wp-json\/wp\/v2\/pages\/1532"}],"collection":[{"href":"https:\/\/www.alventosigorta.com\/index.php\/wp-json\/wp\/v2\/pages"}],"about":[{"href":"https:\/\/www.alventosigorta.com\/index.php\/wp-json\/wp\/v2\/types\/page"}],"author":[{"embeddable":true,"href":"https:\/\/www.alventosigorta.com\/index.php\/wp-json\/wp\/v2\/users\/1"}],"replies":[{"embeddable":true,"href":"https:\/\/www.alventosigorta.com\/index.php\/wp-json\/wp\/v2\/comments?post=1532"}],"version-history":[{"count":4,"href":"https:\/\/www.alventosigorta.com\/index.php\/wp-json\/wp\/v2\/pages\/1532\/revisions"}],"predecessor-version":[{"id":3385,"href":"https:\/\/www.alventosigorta.com\/index.php\/wp-json\/wp\/v2\/pages\/1532\/revisions\/3385"}],"wp:attachment":[{"href":"https:\/\/www.alventosigorta.com\/index.php\/wp-json\/wp\/v2\/media?parent=1532"}],"curies":[{"name":"wp","href":"https:\/\/api.w.org\/{rel}","templated":true}]}}